{"id":18,"date":"2025-04-19T16:53:53","date_gmt":"2025-04-19T14:53:53","guid":{"rendered":"http:\/\/lafermedepapaours.com\/?page_id=18"},"modified":"2026-04-12T15:58:49","modified_gmt":"2026-04-12T13:58:49","slug":"la-ferme-de-papa-ours","status":"publish","type":"page","link":"https:\/\/lafermedepapaours.com\/","title":{"rendered":"Accueil"},"content":{"rendered":"\n<figure class=\"wp-block-image size-large\"><img loading=\"lazy\" decoding=\"async\" width=\"1024\" height=\"300\" src=\"http:\/\/lafermedepapaours.com\/wp-content\/uploads\/2025\/04\/Design-sans-titre-1024x300.png\" alt=\"\" class=\"wp-image-34\" srcset=\"https:\/\/lafermedepapaours.com\/wp-content\/uploads\/2025\/04\/Design-sans-titre-1024x300.png 1024w, https:\/\/lafermedepapaours.com\/wp-content\/uploads\/2025\/04\/Design-sans-titre-300x88.png 300w, https:\/\/lafermedepapaours.com\/wp-content\/uploads\/2025\/04\/Design-sans-titre-768x225.png 768w, https:\/\/lafermedepapaours.com\/wp-content\/uploads\/2025\/04\/Design-sans-titre.png 1366w\" sizes=\"auto, (max-width: 1024px) 100vw, 1024px\" \/><\/figure>\n\n\n\n<hr class=\"wp-block-separator has-alpha-channel-opacity\"\/>\n\n\n\n<h1 class=\"wp-block-heading\">Bienvenue \u00e0 La Ferme de Papa Ours<\/h1>\n\n\n\n<p>Nich\u00e9e&nbsp;<strong>au pied des Pyr\u00e9n\u00e9es<\/strong>, dans un&nbsp;<strong>\u00e9crin de nature pr\u00e9serv\u00e9e<\/strong>,&nbsp;<strong>La Ferme de Papa Ours<\/strong>&nbsp;cultive avec passion l&rsquo;authenticit\u00e9 et le respect du vivant.<br>Notre ferme a pour mission de :<\/p>\n\n\n\n<ol class=\"wp-block-list\">\n<li><strong>\u00c9lever un rucher local<\/strong><br>Nous prenons soin de nos abeilles pour produire un miel savoureux, reflet de notre terroir et de ses fleurs sauvages.<\/li>\n\n\n\n<li><strong>Proposer des produits de la ruche<\/strong><br>Miel, cire, propolis\u2026 Nous transformons avec amour les tr\u00e9sors de nos abeilles en produits naturels et gourmands.<\/li>\n\n\n\n<li><strong>Cultiver et cr\u00e9er des tisanes artisanales<\/strong><br>Gr\u00e2ce \u00e0 notre culture de plantes locales, nous \u00e9laborons des tisanes uniques, m\u00ealant savoir-faire traditionnel et respect de la biodiversit\u00e9.<\/li>\n<\/ol>\n\n\n\n<p>\u00c0 travers chacun de nos produits, nous partageons notre engagement pour une agriculture douce, durable et en harmonie avec la nature.<\/p>\n\n\n\n<p><strong>Papa Ours vous ouvre les portes de sa ferme : bienvenue dans un monde de saveurs, de bien-\u00eatre et d&rsquo;authenticit\u00e9, entre montagnes et vall\u00e9es enchant\u00e9es !<\/strong>.<\/p>\n\n\n\n<hr class=\"wp-block-separator alignwide has-alpha-channel-opacity\"\/>\n\n\n\n<h2 class=\"wp-block-heading\">Derniers articles:<\/h2>\n\n\n<ul class=\"wp-block-latest-posts__list wp-block-latest-posts\"><li><a class=\"wp-block-latest-posts__post-title\" href=\"https:\/\/lafermedepapaours.com\/?p=64\">Cristallisation du miel<\/a><\/li>\n<li><a class=\"wp-block-latest-posts__post-title\" href=\"https:\/\/lafermedepapaours.com\/?p=38\">Scoby &#8211; Foire Aux Questions (FAQ)<\/a><\/li>\n<\/ul>\n\n<form role=\"search\" method=\"get\" action=\"https:\/\/lafermedepapaours.com\/\" class=\"wp-block-search__button-outside wp-block-search__text-button wp-block-search\"    ><label class=\"wp-block-search__label\" for=\"wp-block-search__input-1\" >Rechercher<\/label><div class=\"wp-block-search__inside-wrapper\" ><input class=\"wp-block-search__input\" id=\"wp-block-search__input-1\" placeholder=\"\" value=\"\" type=\"search\" name=\"s\" required \/><button aria-label=\"Rechercher\" class=\"wp-block-search__button wp-element-button\" type=\"submit\" >Rechercher<\/button><\/div><\/form>","protected":false},"excerpt":{"rendered":"<p>Bienvenue \u00e0 La Ferme de Papa Ours Nich\u00e9e&nbsp;au pied des Pyr\u00e9n\u00e9es, dans un&nbsp;\u00e9crin de nature pr\u00e9serv\u00e9e,&nbsp;La Ferme de Papa Ours&nbsp;cultive avec passion l&rsquo;authenticit\u00e9 et le respect du vivant.Notre ferme a pour mission de : \u00c0 travers chacun de nos produits, nous partageons notre engagement pour une agriculture douce, durable et en harmonie avec la nature. [&hellip;]<\/p>\n","protected":false},"author":1,"featured_media":0,"parent":0,"menu_order":1,"comment_status":"closed","ping_status":"closed","template":"","meta":{"advanced_seo_description":"","jetpack_seo_html_title":"","jetpack_seo_noindex":false,"footnotes":""},"class_list":["post-18","page","type-page","status-publish","hentry"],"jetpack_sharing_enabled":true,"jetpack_likes_enabled":true,"_links":{"self":[{"href":"https:\/\/lafermedepapaours.com\/index.php?rest_route=\/wp\/v2\/pages\/18","targetHints":{"allow":["GET"]}}],"collection":[{"href":"https:\/\/lafermedepapaours.com\/index.php?rest_route=\/wp\/v2\/pages"}],"about":[{"href":"https:\/\/lafermedepapaours.com\/index.php?rest_route=\/wp\/v2\/types\/page"}],"author":[{"embeddable":true,"href":"https:\/\/lafermedepapaours.com\/index.php?rest_route=\/wp\/v2\/users\/1"}],"replies":[{"embeddable":true,"href":"https:\/\/lafermedepapaours.com\/index.php?rest_route=%2Fwp%2Fv2%2Fcomments&post=18"}],"version-history":[{"count":5,"href":"https:\/\/lafermedepapaours.com\/index.php?rest_route=\/wp\/v2\/pages\/18\/revisions"}],"predecessor-version":[{"id":73,"href":"https:\/\/lafermedepapaours.com\/index.php?rest_route=\/wp\/v2\/pages\/18\/revisions\/73"}],"wp:attachment":[{"href":"https:\/\/lafermedepapaours.com\/index.php?rest_route=%2Fwp%2Fv2%2Fmedia&parent=18"}],"curies":[{"name":"wp","href":"https:\/\/api.w.org\/{rel}","templated":true}]}}